{"id":11461,"date":"2023-03-02T18:19:48","date_gmt":"2023-03-02T17:19:48","guid":{"rendered":"https:\/\/www.assitej.net\/?post_type=product&#038;p=11461"},"modified":"2025-05-05T16:02:09","modified_gmt":"2025-05-05T14:02:09","slug":"el-nino-que-se-escondia-dentro-de-una-caja-de-galletas","status":"publish","type":"product","link":"https:\/\/assitej.culturaescenica.es\/ca\/editorial-assitej\/jose-luis-banos-de-cos\/el-nino-que-se-escondia-dentro-de-una-caja-de-galletas\/","title":{"rendered":"El nen que s&#039;amagava dins una caixa de galetes"},"content":{"rendered":"<h1 data-no-auto-translation=\"\">El ni\u00f1o que se escond\u00eda dentro de una caja de galletas, Jos\u00e9 Luis Ba\u00f1os de Cos<\/h1>\n<h3>Obra ganadora del XXX Concurso de textos teatrales dirigidos a p\u00fablico infantil de la Escuela Navarra de Teatro y<br \/>\nel Ayuntamiento de Pamplona<\/h3>\n<p>Sim\u00f3 t\u00e9 una imaginaci\u00f3 enlluernadora. Hi caben des d&#039;un amic amb grans idees fins a una nina amb qu\u00e8 c\u00f3rrer aventures. Tamb\u00e9 li agrada amagar-se a una caixa de galetes. Els pares pensen que no \u00e9s normal, per\u00f2 qui s\u00f3n les persones normals? Els ve\u00efns del tercer o potser els nens i nenes que es passen el dia embruixats per les pantalles i que han oblidat com jugar?<br \/>\nL?autor critica el formalisme de la societat actual, la seva rigidesa i ens fa reflexionar sobre els convencionalismes sense perdre l?esperan\u00e7a, que qui sap, pogu\u00e9s arribar muntada en un cotxe de bombers.<br \/>\nAmb aquesta obra Jos\u00e9 Luis Ba\u00f1os de Cos va guanyar el XXX Concurs de textos teatrals adre\u00e7ats a p\u00fablic infantil de l&#039;Escola Navarresa de Teatre i l&#039;Ajuntament de Pamplona.<\/p>\n<p>&nbsp;<\/p>","protected":false},"excerpt":{"rendered":"<p>Sim\u00f3 t\u00e9 una imaginaci\u00f3 enlluernadora. Hi caben des d&#039;un amic amb grans idees fins a una nina amb qu\u00e8 c\u00f3rrer aventures. Tamb\u00e9 li agrada amagar-se a una caixa de galetes. Els pares pensen que no \u00e9s normal, per\u00f2 qui s\u00f3n les persones normals? Els ve\u00efns del tercer o potser els nens i nenes que es passen el dia embruixats per les pantalles i que han oblidat com jugar?<br \/>\nL?autor critica el formalisme de la societat actual, la seva rigidesa i ens fa reflexionar sobre els convencionalismes sense perdre l?esperan\u00e7a, que qui sap, pogu\u00e9s arribar muntada en un cotxe de bombers.<br \/>\nAmb aquesta obra Jos\u00e9 Luis Ba\u00f1os de Cos va guanyar el XXX Concurs de textos teatrals adre\u00e7ats a p\u00fablic infantil de l&#039;Escola Navarresa de Teatre i l&#039;Ajuntament de Pamplona.<\/p>","protected":false},"featured_media":24370,"template":"","meta":{"_acf_changed":false,"_links_to":"","_links_to_target":""},"product_brand":[],"product_cat":[2535],"product_tag":[67],"class_list":{"0":"post-11461","1":"product","2":"type-product","3":"status-publish","4":"has-post-thumbnail","6":"product_cat-jose-luis-banos-de-cos","7":"product_tag-coleccion-teatro","8":"infinite-scroll-item","9":"","10":"woocommerce-text-align-left","11":"woocommerce-image-align-center","12":"do-quantity-buttons","13":"wc-has-gallery","15":"first","16":"instock","17":"taxable","18":"shipping-taxable","19":"purchasable","20":"product-type-simple"},"acf":[],"yoast_head":"<!-- This site is optimized with the Yoast SEO plugin v27.1.1 - https:\/\/yoast.com\/product\/yoast-seo-wordpress\/ -->\n<title>El ni\u00f1o que se escond\u00eda dentro de una caja de galletas | ASSITEJ<\/title>\n<meta name=\"description\" content=\"Sim\u00f3n tiene una imaginaci\u00f3n deslumbrante. En ella caben desde un amigo con grandes ideas hasta una mu\u00f1eca con la que correr aventuras.\" \/>\n<meta name=\"robots\" content=\"index, follow, max-snippet:-1, max-image-preview:large, max-video-preview:-1\" \/>\n<link rel=\"canonical\" href=\"https:\/\/assitej.culturaescenica.es\/ca\/editorial-assitej\/jose-luis-banos-de-cos\/el-nino-que-se-escondia-dentro-de-una-caja-de-galletas\/\" \/>\n<meta property=\"og:locale\" content=\"ca_ES\" \/>\n<meta property=\"og:type\" content=\"article\" \/>\n<meta property=\"og:title\" content=\"El ni\u00f1o que se escond\u00eda dentro de una caja de galletas | ASSITEJ\" \/>\n<meta property=\"og:description\" content=\"Sim\u00f3n tiene una imaginaci\u00f3n deslumbrante. En ella caben desde un amigo con grandes ideas hasta una mu\u00f1eca con la que correr aventuras.\" \/>\n<meta property=\"og:url\" content=\"https:\/\/assitej.culturaescenica.es\/ca\/editorial-assitej\/jose-luis-banos-de-cos\/el-nino-que-se-escondia-dentro-de-una-caja-de-galletas\/\" \/>\n<meta property=\"og:site_name\" content=\"ASSITEJ Espa\u00f1a\" \/>\n<meta property=\"article:publisher\" content=\"https:\/\/www.facebook.com\/assitejespana\/\" \/>\n<meta property=\"article:modified_time\" content=\"2025-05-05T14:02:09+00:00\" \/>\n<meta property=\"og:image\" content=\"https:\/\/assitej.culturaescenica.es\/wp-content\/uploads\/Galletas_Cubierta-1.jpg\" \/>\n\t<meta property=\"og:image:width\" content=\"1530\" \/>\n\t<meta property=\"og:image:height\" content=\"2278\" \/>\n\t<meta property=\"og:image:type\" content=\"image\/jpeg\" \/>\n<meta name=\"twitter:card\" content=\"summary_large_image\" \/>\n<meta name=\"twitter:site\" content=\"@AssitejEspana\" \/>\n<meta name=\"twitter:label1\" content=\"Temps estimat de lectura\" \/>\n\t<meta name=\"twitter:data1\" content=\"1 minut\" \/>\n<script type=\"application\/ld+json\" class=\"yoast-schema-graph\">{\"@context\":\"https:\/\/schema.org\",\"@graph\":[{\"@type\":\"WebPage\",\"@id\":\"https:\/\/assitej.culturaescenica.es\/eu\/editorial-assitej\/jose-luis-banos-de-cos\/el-nino-que-se-escondia-dentro-de-una-caja-de-galletas\/\",\"url\":\"https:\/\/assitej.culturaescenica.es\/eu\/editorial-assitej\/jose-luis-banos-de-cos\/el-nino-que-se-escondia-dentro-de-una-caja-de-galletas\/\",\"name\":\"El ni\u00f1o que se escond\u00eda dentro de una caja de galletas | ASSITEJ\",\"isPartOf\":{\"@id\":\"https:\/\/assitej.culturaescenica.es\/gl\/#website\"},\"primaryImageOfPage\":{\"@id\":\"https:\/\/assitej.culturaescenica.es\/eu\/editorial-assitej\/jose-luis-banos-de-cos\/el-nino-que-se-escondia-dentro-de-una-caja-de-galletas\/#primaryimage\"},\"image\":{\"@id\":\"https:\/\/assitej.culturaescenica.es\/eu\/editorial-assitej\/jose-luis-banos-de-cos\/el-nino-que-se-escondia-dentro-de-una-caja-de-galletas\/#primaryimage\"},\"thumbnailUrl\":\"https:\/\/assitej.culturaescenica.es\/wp-content\/uploads\/Galletas_Cubierta-1.jpg\",\"datePublished\":\"2023-03-02T17:19:48+00:00\",\"dateModified\":\"2025-05-05T14:02:09+00:00\",\"description\":\"Sim\u00f3n tiene una imaginaci\u00f3n deslumbrante. En ella caben desde un amigo con grandes ideas hasta una mu\u00f1eca con la que correr aventuras.\",\"breadcrumb\":{\"@id\":\"https:\/\/assitej.culturaescenica.es\/eu\/editorial-assitej\/jose-luis-banos-de-cos\/el-nino-que-se-escondia-dentro-de-una-caja-de-galletas\/#breadcrumb\"},\"inLanguage\":\"ca\",\"potentialAction\":[{\"@type\":\"ReadAction\",\"target\":[\"https:\/\/assitej.culturaescenica.es\/eu\/editorial-assitej\/jose-luis-banos-de-cos\/el-nino-que-se-escondia-dentro-de-una-caja-de-galletas\/\"]}]},{\"@type\":\"ImageObject\",\"inLanguage\":\"ca\",\"@id\":\"https:\/\/assitej.culturaescenica.es\/eu\/editorial-assitej\/jose-luis-banos-de-cos\/el-nino-que-se-escondia-dentro-de-una-caja-de-galletas\/#primaryimage\",\"url\":\"https:\/\/assitej.culturaescenica.es\/wp-content\/uploads\/Galletas_Cubierta-1.jpg\",\"contentUrl\":\"https:\/\/assitej.culturaescenica.es\/wp-content\/uploads\/Galletas_Cubierta-1.jpg\",\"width\":1530,\"height\":2278},{\"@type\":\"BreadcrumbList\",\"@id\":\"https:\/\/assitej.culturaescenica.es\/eu\/editorial-assitej\/jose-luis-banos-de-cos\/el-nino-que-se-escondia-dentro-de-una-caja-de-galletas\/#breadcrumb\",\"itemListElement\":[{\"@type\":\"ListItem\",\"position\":1,\"name\":\"Portada\",\"item\":\"https:\/\/assitej.culturaescenica.es\/gl\/\"},{\"@type\":\"ListItem\",\"position\":2,\"name\":\"Editorial Assitej\",\"item\":\"https:\/\/assitej.culturaescenica.es\/es_es\/editorial-assitej\/\"},{\"@type\":\"ListItem\",\"position\":3,\"name\":\"El ni\u00f1o que se escond\u00eda dentro de una caja de galletas\"}]},{\"@type\":\"WebSite\",\"@id\":\"https:\/\/assitej.culturaescenica.es\/gl\/#website\",\"url\":\"https:\/\/assitej.culturaescenica.es\/gl\/\",\"name\":\"ASSITEJ Espa\u00f1a\",\"description\":\"ARTES ESC\u00c9NICAS PARA LA INFANCIA Y LA JUVENTUD\",\"publisher\":{\"@id\":\"https:\/\/assitej.culturaescenica.es\/gl\/#organization\"},\"potentialAction\":[{\"@type\":\"SearchAction\",\"target\":{\"@type\":\"EntryPoint\",\"urlTemplate\":\"https:\/\/assitej.culturaescenica.es\/gl\/?s={search_term_string}\"},\"query-input\":{\"@type\":\"PropertyValueSpecification\",\"valueRequired\":true,\"valueName\":\"search_term_string\"}}],\"inLanguage\":\"ca\"},{\"@type\":\"Organization\",\"@id\":\"https:\/\/assitej.culturaescenica.es\/gl\/#organization\",\"name\":\"ASSITEJ Espa\u00f1a\",\"url\":\"https:\/\/assitej.culturaescenica.es\/gl\/\",\"logo\":{\"@type\":\"ImageObject\",\"inLanguage\":\"ca\",\"@id\":\"https:\/\/assitej.culturaescenica.es\/gl\/#\/schema\/logo\/image\/\",\"url\":\"https:\/\/assitej.es\/wp-content\/uploads\/Logo_ASSITEJ_Espana.RGB_2-1.png\",\"contentUrl\":\"https:\/\/assitej.es\/wp-content\/uploads\/Logo_ASSITEJ_Espana.RGB_2-1.png\",\"width\":4934,\"height\":2287,\"caption\":\"ASSITEJ Espa\u00f1a\"},\"image\":{\"@id\":\"https:\/\/assitej.culturaescenica.es\/gl\/#\/schema\/logo\/image\/\"},\"sameAs\":[\"https:\/\/www.facebook.com\/assitejespana\/\",\"https:\/\/x.com\/AssitejEspana\",\"https:\/\/www.youtube.com\/channel\/UCv-2SDBzEmyORL5tPvsYgMw\"]}]}<\/script>\n<!-- \/ Yoast SEO plugin. -->","yoast_head_json":{"title":"El nen que s?amagava dins d?una caixa de galetes | ASSITEJ","description":"Sim\u00f3 t\u00e9 una imaginaci\u00f3 enlluernadora. Hi caben des d&#039;un amic amb grans idees fins a una nina amb qu\u00e8 c\u00f3rrer aventures.","robots":{"index":"index","follow":"follow","max-snippet":"max-snippet:-1","max-image-preview":"max-image-preview:large","max-video-preview":"max-video-preview:-1"},"canonical":"https:\/\/assitej.culturaescenica.es\/ca\/editorial-assitej\/jose-luis-banos-de-cos\/el-nino-que-se-escondia-dentro-de-una-caja-de-galletas\/","og_locale":"ca_ES","og_type":"article","og_title":"El ni\u00f1o que se escond\u00eda dentro de una caja de galletas | ASSITEJ","og_description":"Sim\u00f3n tiene una imaginaci\u00f3n deslumbrante. En ella caben desde un amigo con grandes ideas hasta una mu\u00f1eca con la que correr aventuras.","og_url":"https:\/\/assitej.culturaescenica.es\/ca\/editorial-assitej\/jose-luis-banos-de-cos\/el-nino-que-se-escondia-dentro-de-una-caja-de-galletas\/","og_site_name":"ASSITEJ Espa\u00f1a","article_publisher":"https:\/\/www.facebook.com\/assitejespana\/","article_modified_time":"2025-05-05T14:02:09+00:00","og_image":[{"width":1530,"height":2278,"url":"https:\/\/assitej.culturaescenica.es\/wp-content\/uploads\/Galletas_Cubierta-1.jpg","type":"image\/jpeg"}],"twitter_card":"summary_large_image","twitter_site":"@AssitejEspana","twitter_misc":{"Temps estimat de lectura":"1 minut"},"schema":{"@context":"https:\/\/schema.org","@graph":[{"@type":"WebPage","@id":"https:\/\/assitej.culturaescenica.es\/eu\/editorial-assitej\/jose-luis-banos-de-cos\/el-nino-que-se-escondia-dentro-de-una-caja-de-galletas\/","url":"https:\/\/assitej.culturaescenica.es\/eu\/editorial-assitej\/jose-luis-banos-de-cos\/el-nino-que-se-escondia-dentro-de-una-caja-de-galletas\/","name":"El nen que s?amagava dins d?una caixa de galetes | ASSITEJ","isPartOf":{"@id":"https:\/\/assitej.culturaescenica.es\/gl\/#website"},"primaryImageOfPage":{"@id":"https:\/\/assitej.culturaescenica.es\/eu\/editorial-assitej\/jose-luis-banos-de-cos\/el-nino-que-se-escondia-dentro-de-una-caja-de-galletas\/#primaryimage"},"image":{"@id":"https:\/\/assitej.culturaescenica.es\/eu\/editorial-assitej\/jose-luis-banos-de-cos\/el-nino-que-se-escondia-dentro-de-una-caja-de-galletas\/#primaryimage"},"thumbnailUrl":"https:\/\/assitej.culturaescenica.es\/wp-content\/uploads\/Galletas_Cubierta-1.jpg","datePublished":"2023-03-02T17:19:48+00:00","dateModified":"2025-05-05T14:02:09+00:00","description":"Sim\u00f3 t\u00e9 una imaginaci\u00f3 enlluernadora. Hi caben des d&#039;un amic amb grans idees fins a una nina amb qu\u00e8 c\u00f3rrer aventures.","breadcrumb":{"@id":"https:\/\/assitej.culturaescenica.es\/eu\/editorial-assitej\/jose-luis-banos-de-cos\/el-nino-que-se-escondia-dentro-de-una-caja-de-galletas\/#breadcrumb"},"inLanguage":"ca","potentialAction":[{"@type":"ReadAction","target":["https:\/\/assitej.culturaescenica.es\/eu\/editorial-assitej\/jose-luis-banos-de-cos\/el-nino-que-se-escondia-dentro-de-una-caja-de-galletas\/"]}]},{"@type":"ImageObject","inLanguage":"ca","@id":"https:\/\/assitej.culturaescenica.es\/eu\/editorial-assitej\/jose-luis-banos-de-cos\/el-nino-que-se-escondia-dentro-de-una-caja-de-galletas\/#primaryimage","url":"https:\/\/assitej.culturaescenica.es\/wp-content\/uploads\/Galletas_Cubierta-1.jpg","contentUrl":"https:\/\/assitej.culturaescenica.es\/wp-content\/uploads\/Galletas_Cubierta-1.jpg","width":1530,"height":2278},{"@type":"BreadcrumbList","@id":"https:\/\/assitej.culturaescenica.es\/eu\/editorial-assitej\/jose-luis-banos-de-cos\/el-nino-que-se-escondia-dentro-de-una-caja-de-galletas\/#breadcrumb","itemListElement":[{"@type":"ListItem","position":1,"name":"Portada","item":"https:\/\/assitej.culturaescenica.es\/gl\/"},{"@type":"ListItem","position":2,"name":"Editorial Assitej","item":"https:\/\/assitej.culturaescenica.es\/es_es\/editorial-assitej\/"},{"@type":"ListItem","position":3,"name":"El ni\u00f1o que se escond\u00eda dentro de una caja de galletas"}]},{"@type":"WebSite","@id":"https:\/\/assitej.culturaescenica.es\/gl\/#website","url":"https:\/\/assitej.culturaescenica.es\/gl\/","name":"ASSITEJ Espanya","description":"ARTS ESC\u00c8NIQUES PER A LA INF\u00c0NCIA I LA JOVENTUT","publisher":{"@id":"https:\/\/assitej.culturaescenica.es\/gl\/#organization"},"potentialAction":[{"@type":"SearchAction","target":{"@type":"EntryPoint","urlTemplate":"https:\/\/assitej.culturaescenica.es\/gl\/?s={search_term_string}"},"query-input":{"@type":"PropertyValueSpecification","valueRequired":true,"valueName":"search_term_string"}}],"inLanguage":"ca"},{"@type":"Organization","@id":"https:\/\/assitej.culturaescenica.es\/gl\/#organization","name":"ASSITEJ Espanya","url":"https:\/\/assitej.culturaescenica.es\/gl\/","logo":{"@type":"ImageObject","inLanguage":"ca","@id":"https:\/\/assitej.culturaescenica.es\/gl\/#\/schema\/logo\/image\/","url":"https:\/\/assitej.es\/wp-content\/uploads\/Logo_ASSITEJ_Espana.RGB_2-1.png","contentUrl":"https:\/\/assitej.es\/wp-content\/uploads\/Logo_ASSITEJ_Espana.RGB_2-1.png","width":4934,"height":2287,"caption":"ASSITEJ Espa\u00f1a"},"image":{"@id":"https:\/\/assitej.culturaescenica.es\/gl\/#\/schema\/logo\/image\/"},"sameAs":["https:\/\/www.facebook.com\/assitejespana\/","https:\/\/x.com\/AssitejEspana","https:\/\/www.youtube.com\/channel\/UCv-2SDBzEmyORL5tPvsYgMw"]}]}},"_links":{"self":[{"href":"https:\/\/assitej.culturaescenica.es\/ca\/wp-json\/wp\/v2\/product\/11461","targetHints":{"allow":["GET"]}}],"collection":[{"href":"https:\/\/assitej.culturaescenica.es\/ca\/wp-json\/wp\/v2\/product"}],"about":[{"href":"https:\/\/assitej.culturaescenica.es\/ca\/wp-json\/wp\/v2\/types\/product"}],"wp:featuredmedia":[{"embeddable":true,"href":"https:\/\/assitej.culturaescenica.es\/ca\/wp-json\/wp\/v2\/media\/24370"}],"wp:attachment":[{"href":"https:\/\/assitej.culturaescenica.es\/ca\/wp-json\/wp\/v2\/media?parent=11461"}],"wp:term":[{"taxonomy":"product_brand","embeddable":true,"href":"https:\/\/assitej.culturaescenica.es\/ca\/wp-json\/wp\/v2\/product_brand?post=11461"},{"taxonomy":"product_cat","embeddable":true,"href":"https:\/\/assitej.culturaescenica.es\/ca\/wp-json\/wp\/v2\/product_cat?post=11461"},{"taxonomy":"product_tag","embeddable":true,"href":"https:\/\/assitej.culturaescenica.es\/ca\/wp-json\/wp\/v2\/product_tag?post=11461"}],"curies":[{"name":"wp","href":"https:\/\/api.w.org\/{rel}","templated":true}]}}