{"id":11104,"date":"2022-01-16T08:23:57","date_gmt":"2022-01-16T07:23:57","guid":{"rendered":"https:\/\/www.assitej.net\/?post_type=product&#038;p=11104"},"modified":"2025-05-18T19:04:27","modified_gmt":"2025-05-18T17:04:27","slug":"el-nino-que-se-cayo-en-un-agujero","status":"publish","type":"product","link":"https:\/\/assitej.culturaescenica.es\/ca\/editorial-assitej\/jordi-sierra-i-fabra\/el-nino-que-se-cayo-en-un-agujero\/","title":{"rendered":"El nen que va caure en un forat"},"content":{"rendered":"<p>El nen que va caure en un forat \u00e9s una dura cr\u00edtica de la societat actual, una faula sobre la incomunicaci\u00f3 i la solitud, la manera com ens veuen els altres i el fet que ning\u00fa escolti el pro\u00efsme, i menys un nen. Posa pares, mares, pol\u00edtics, mitjans informatius, turistes, militars, capellans, persones incapacitades i un llarg etc. en la visi\u00f3 d&#039;un nen amb un problema a qu\u00e8 ning\u00fa creu. Com va un nen a caure en un forat sense poder sortir i quedar amb mig cos sota terra? La clau, per\u00f2, no \u00e9s aquesta an\u00e8cdota simple. Qu\u00e8 \u00e9s aquest forat?<\/p>\n<p>&nbsp;<\/p>","protected":false},"excerpt":{"rendered":"<p>El nen que va caure en un forat \u00e9s una dura cr\u00edtica de la societat actual, una faula sobre la incomunicaci\u00f3 i la solitud, la manera com ens veuen els altres i el fet que ning\u00fa escolti el pro\u00efsme, i menys un nen. Posa pares, mares, pol\u00edtics, mitjans informatius, turistes, militars, capellans, persones incapacitades i un llarg etc. en la visi\u00f3 d&#039;un nen amb un problema a qu\u00e8 ning\u00fa creu. Com va un nen a caure en un forat sense poder sortir i quedar amb mig cos sota terra? La clau, per\u00f2, no \u00e9s aquesta an\u00e8cdota simple. Qu\u00e8 \u00e9s aquest forat?<\/p>","protected":false},"featured_media":24365,"template":"","meta":{"_acf_changed":false,"_links_to":"","_links_to_target":""},"product_brand":[2699],"product_cat":[2525],"product_tag":[67,2526],"class_list":{"0":"post-11104","1":"product","2":"type-product","3":"status-publish","4":"has-post-thumbnail","6":"product_brand-assitej","7":"product_cat-jordi-sierra-i-fabra","8":"product_tag-coleccion-teatro","9":"product_tag-jordi-sierra-i-fabra","10":"infinite-scroll-item","11":"","12":"woocommerce-text-align-left","13":"woocommerce-image-align-center","14":"do-quantity-buttons","16":"first","17":"instock","18":"taxable","19":"shipping-taxable","20":"purchasable","21":"product-type-simple"},"acf":[],"yoast_head":"<!-- This site is optimized with the Yoast SEO plugin v27.1.1 - https:\/\/yoast.com\/product\/yoast-seo-wordpress\/ -->\n<title>El ni\u00f1o que se cay\u00f3 en un agujero, de Jordi Sierra i Fabra | ASSITEJ<\/title>\n<meta name=\"description\" content=\"El ni\u00f1o que se cay\u00f3 en un agujero es una dura cr\u00edtica de la sociedad actual, una f\u00e1bula sobre la incomunicaci\u00f3n y la soledad, la forma en que nos ven los dem\u00e1s y el hecho de que nadie escuche al pr\u00f3jimo, y menos a un ni\u00f1o.\" \/>\n<meta name=\"robots\" content=\"index, follow, max-snippet:-1, max-image-preview:large, max-video-preview:-1\" \/>\n<link rel=\"canonical\" href=\"https:\/\/assitej.culturaescenica.es\/ca\/editorial-assitej\/jordi-sierra-i-fabra\/el-nino-que-se-cayo-en-un-agujero\/\" \/>\n<meta property=\"og:locale\" content=\"ca_ES\" \/>\n<meta property=\"og:type\" content=\"article\" \/>\n<meta property=\"og:title\" content=\"El ni\u00f1o que se cay\u00f3 en un agujero, de Jordi Sierra i Fabra | ASSITEJ\" \/>\n<meta property=\"og:description\" content=\"El ni\u00f1o que se cay\u00f3 en un agujero es una dura cr\u00edtica de la sociedad actual, una f\u00e1bula sobre la incomunicaci\u00f3n y la soledad, la forma en que nos ven los dem\u00e1s y el hecho de que nadie escuche al pr\u00f3jimo, y menos a un ni\u00f1o.\" \/>\n<meta property=\"og:url\" content=\"https:\/\/assitej.culturaescenica.es\/ca\/editorial-assitej\/jordi-sierra-i-fabra\/el-nino-que-se-cayo-en-un-agujero\/\" \/>\n<meta property=\"og:site_name\" content=\"ASSITEJ Espa\u00f1a\" \/>\n<meta property=\"article:publisher\" content=\"https:\/\/www.facebook.com\/assitejespana\/\" \/>\n<meta property=\"article:modified_time\" content=\"2025-05-18T17:04:27+00:00\" \/>\n<meta property=\"og:image\" content=\"https:\/\/assitej.culturaescenica.es\/wp-content\/uploads\/Nino_portada-1-1-jpg.webp\" \/>\n\t<meta property=\"og:image:width\" content=\"1094\" \/>\n\t<meta property=\"og:image:height\" content=\"1600\" \/>\n\t<meta property=\"og:image:type\" content=\"image\/jpeg\" \/>\n<meta name=\"twitter:card\" content=\"summary_large_image\" \/>\n<meta name=\"twitter:site\" content=\"@AssitejEspana\" \/>\n<meta name=\"twitter:label1\" content=\"Temps estimat de lectura\" \/>\n\t<meta name=\"twitter:data1\" content=\"1 minut\" \/>\n<script type=\"application\/ld+json\" class=\"yoast-schema-graph\">{\"@context\":\"https:\/\/schema.org\",\"@graph\":[{\"@type\":\"WebPage\",\"@id\":\"https:\/\/assitej.culturaescenica.es\/editorial-assitej\/jordi-sierra-i-fabra\/el-nino-que-se-cayo-en-un-agujero\/\",\"url\":\"https:\/\/assitej.culturaescenica.es\/editorial-assitej\/jordi-sierra-i-fabra\/el-nino-que-se-cayo-en-un-agujero\/\",\"name\":\"El ni\u00f1o que se cay\u00f3 en un agujero, de Jordi Sierra i Fabra | ASSITEJ\",\"isPartOf\":{\"@id\":\"https:\/\/assitej.culturaescenica.es\/gl\/#website\"},\"primaryImageOfPage\":{\"@id\":\"https:\/\/assitej.culturaescenica.es\/editorial-assitej\/jordi-sierra-i-fabra\/el-nino-que-se-cayo-en-un-agujero\/#primaryimage\"},\"image\":{\"@id\":\"https:\/\/assitej.culturaescenica.es\/editorial-assitej\/jordi-sierra-i-fabra\/el-nino-que-se-cayo-en-un-agujero\/#primaryimage\"},\"thumbnailUrl\":\"https:\/\/assitej.culturaescenica.es\/wp-content\/uploads\/Nino_portada-1-1-jpg.webp\",\"datePublished\":\"2022-01-16T07:23:57+00:00\",\"dateModified\":\"2025-05-18T17:04:27+00:00\",\"description\":\"El ni\u00f1o que se cay\u00f3 en un agujero es una dura cr\u00edtica de la sociedad actual, una f\u00e1bula sobre la incomunicaci\u00f3n y la soledad, la forma en que nos ven los dem\u00e1s y el hecho de que nadie escuche al pr\u00f3jimo, y menos a un ni\u00f1o.\",\"breadcrumb\":{\"@id\":\"https:\/\/assitej.culturaescenica.es\/editorial-assitej\/jordi-sierra-i-fabra\/el-nino-que-se-cayo-en-un-agujero\/#breadcrumb\"},\"inLanguage\":\"ca\",\"potentialAction\":[{\"@type\":\"ReadAction\",\"target\":[\"https:\/\/assitej.culturaescenica.es\/editorial-assitej\/jordi-sierra-i-fabra\/el-nino-que-se-cayo-en-un-agujero\/\"]}]},{\"@type\":\"ImageObject\",\"inLanguage\":\"ca\",\"@id\":\"https:\/\/assitej.culturaescenica.es\/editorial-assitej\/jordi-sierra-i-fabra\/el-nino-que-se-cayo-en-un-agujero\/#primaryimage\",\"url\":\"https:\/\/assitej.culturaescenica.es\/wp-content\/uploads\/Nino_portada-1-1-jpg.webp\",\"contentUrl\":\"https:\/\/assitej.culturaescenica.es\/wp-content\/uploads\/Nino_portada-1-1-jpg.webp\",\"width\":1094,\"height\":1600},{\"@type\":\"BreadcrumbList\",\"@id\":\"https:\/\/assitej.culturaescenica.es\/editorial-assitej\/jordi-sierra-i-fabra\/el-nino-que-se-cayo-en-un-agujero\/#breadcrumb\",\"itemListElement\":[{\"@type\":\"ListItem\",\"position\":1,\"name\":\"Portada\",\"item\":\"https:\/\/assitej.culturaescenica.es\/gl\/\"},{\"@type\":\"ListItem\",\"position\":2,\"name\":\"Editorial Assitej\",\"item\":\"https:\/\/assitej.culturaescenica.es\/es_es\/editorial-assitej\/\"},{\"@type\":\"ListItem\",\"position\":3,\"name\":\"El ni\u00f1o que se cay\u00f3 en un agujero\"}]},{\"@type\":\"WebSite\",\"@id\":\"https:\/\/assitej.culturaescenica.es\/gl\/#website\",\"url\":\"https:\/\/assitej.culturaescenica.es\/gl\/\",\"name\":\"ASSITEJ Espa\u00f1a\",\"description\":\"ARTES ESC\u00c9NICAS PARA LA INFANCIA Y LA JUVENTUD\",\"publisher\":{\"@id\":\"https:\/\/assitej.culturaescenica.es\/gl\/#organization\"},\"potentialAction\":[{\"@type\":\"SearchAction\",\"target\":{\"@type\":\"EntryPoint\",\"urlTemplate\":\"https:\/\/assitej.culturaescenica.es\/gl\/?s={search_term_string}\"},\"query-input\":{\"@type\":\"PropertyValueSpecification\",\"valueRequired\":true,\"valueName\":\"search_term_string\"}}],\"inLanguage\":\"ca\"},{\"@type\":\"Organization\",\"@id\":\"https:\/\/assitej.culturaescenica.es\/gl\/#organization\",\"name\":\"ASSITEJ Espa\u00f1a\",\"url\":\"https:\/\/assitej.culturaescenica.es\/gl\/\",\"logo\":{\"@type\":\"ImageObject\",\"inLanguage\":\"ca\",\"@id\":\"https:\/\/assitej.culturaescenica.es\/gl\/#\/schema\/logo\/image\/\",\"url\":\"https:\/\/assitej.es\/wp-content\/uploads\/Logo_ASSITEJ_Espana.RGB_2-1.png\",\"contentUrl\":\"https:\/\/assitej.es\/wp-content\/uploads\/Logo_ASSITEJ_Espana.RGB_2-1.png\",\"width\":4934,\"height\":2287,\"caption\":\"ASSITEJ Espa\u00f1a\"},\"image\":{\"@id\":\"https:\/\/assitej.culturaescenica.es\/gl\/#\/schema\/logo\/image\/\"},\"sameAs\":[\"https:\/\/www.facebook.com\/assitejespana\/\",\"https:\/\/x.com\/AssitejEspana\",\"https:\/\/www.youtube.com\/channel\/UCv-2SDBzEmyORL5tPvsYgMw\"]}]}<\/script>\n<!-- \/ Yoast SEO plugin. -->","yoast_head_json":{"title":"El nen que va caure en un forat, de Jordi Sierra i Fabra | ASSITEJ","description":"El nen que va caure en un forat \u00e9s una dura cr\u00edtica de la societat actual, una faula sobre la incomunicaci\u00f3 i la solitud, la manera com ens veuen els altres i el fet que ning\u00fa escolti el pro\u00efsme, i menys un nen.","robots":{"index":"index","follow":"follow","max-snippet":"max-snippet:-1","max-image-preview":"max-image-preview:large","max-video-preview":"max-video-preview:-1"},"canonical":"https:\/\/assitej.culturaescenica.es\/ca\/editorial-assitej\/jordi-sierra-i-fabra\/el-nino-que-se-cayo-en-un-agujero\/","og_locale":"ca_ES","og_type":"article","og_title":"El ni\u00f1o que se cay\u00f3 en un agujero, de Jordi Sierra i Fabra | ASSITEJ","og_description":"El ni\u00f1o que se cay\u00f3 en un agujero es una dura cr\u00edtica de la sociedad actual, una f\u00e1bula sobre la incomunicaci\u00f3n y la soledad, la forma en que nos ven los dem\u00e1s y el hecho de que nadie escuche al pr\u00f3jimo, y menos a un ni\u00f1o.","og_url":"https:\/\/assitej.culturaescenica.es\/ca\/editorial-assitej\/jordi-sierra-i-fabra\/el-nino-que-se-cayo-en-un-agujero\/","og_site_name":"ASSITEJ Espa\u00f1a","article_publisher":"https:\/\/www.facebook.com\/assitejespana\/","article_modified_time":"2025-05-18T17:04:27+00:00","og_image":[{"width":1094,"height":1600,"url":"https:\/\/assitej.culturaescenica.es\/wp-content\/uploads\/Nino_portada-1-1-jpg.webp","type":"image\/jpeg"}],"twitter_card":"summary_large_image","twitter_site":"@AssitejEspana","twitter_misc":{"Temps estimat de lectura":"1 minut"},"schema":{"@context":"https:\/\/schema.org","@graph":[{"@type":"WebPage","@id":"https:\/\/assitej.culturaescenica.es\/editorial-assitej\/jordi-sierra-i-fabra\/el-nino-que-se-cayo-en-un-agujero\/","url":"https:\/\/assitej.culturaescenica.es\/editorial-assitej\/jordi-sierra-i-fabra\/el-nino-que-se-cayo-en-un-agujero\/","name":"El nen que va caure en un forat, de Jordi Sierra i Fabra | ASSITEJ","isPartOf":{"@id":"https:\/\/assitej.culturaescenica.es\/gl\/#website"},"primaryImageOfPage":{"@id":"https:\/\/assitej.culturaescenica.es\/editorial-assitej\/jordi-sierra-i-fabra\/el-nino-que-se-cayo-en-un-agujero\/#primaryimage"},"image":{"@id":"https:\/\/assitej.culturaescenica.es\/editorial-assitej\/jordi-sierra-i-fabra\/el-nino-que-se-cayo-en-un-agujero\/#primaryimage"},"thumbnailUrl":"https:\/\/assitej.culturaescenica.es\/wp-content\/uploads\/Nino_portada-1-1-jpg.webp","datePublished":"2022-01-16T07:23:57+00:00","dateModified":"2025-05-18T17:04:27+00:00","description":"El nen que va caure en un forat \u00e9s una dura cr\u00edtica de la societat actual, una faula sobre la incomunicaci\u00f3 i la solitud, la manera com ens veuen els altres i el fet que ning\u00fa escolti el pro\u00efsme, i menys un nen.","breadcrumb":{"@id":"https:\/\/assitej.culturaescenica.es\/editorial-assitej\/jordi-sierra-i-fabra\/el-nino-que-se-cayo-en-un-agujero\/#breadcrumb"},"inLanguage":"ca","potentialAction":[{"@type":"ReadAction","target":["https:\/\/assitej.culturaescenica.es\/editorial-assitej\/jordi-sierra-i-fabra\/el-nino-que-se-cayo-en-un-agujero\/"]}]},{"@type":"ImageObject","inLanguage":"ca","@id":"https:\/\/assitej.culturaescenica.es\/editorial-assitej\/jordi-sierra-i-fabra\/el-nino-que-se-cayo-en-un-agujero\/#primaryimage","url":"https:\/\/assitej.culturaescenica.es\/wp-content\/uploads\/Nino_portada-1-1-jpg.webp","contentUrl":"https:\/\/assitej.culturaescenica.es\/wp-content\/uploads\/Nino_portada-1-1-jpg.webp","width":1094,"height":1600},{"@type":"BreadcrumbList","@id":"https:\/\/assitej.culturaescenica.es\/editorial-assitej\/jordi-sierra-i-fabra\/el-nino-que-se-cayo-en-un-agujero\/#breadcrumb","itemListElement":[{"@type":"ListItem","position":1,"name":"Portada","item":"https:\/\/assitej.culturaescenica.es\/gl\/"},{"@type":"ListItem","position":2,"name":"Editorial Assitej","item":"https:\/\/assitej.culturaescenica.es\/es_es\/editorial-assitej\/"},{"@type":"ListItem","position":3,"name":"El ni\u00f1o que se cay\u00f3 en un agujero"}]},{"@type":"WebSite","@id":"https:\/\/assitej.culturaescenica.es\/gl\/#website","url":"https:\/\/assitej.culturaescenica.es\/gl\/","name":"ASSITEJ Espanya","description":"ARTS ESC\u00c8NIQUES PER A LA INF\u00c0NCIA I LA JOVENTUT","publisher":{"@id":"https:\/\/assitej.culturaescenica.es\/gl\/#organization"},"potentialAction":[{"@type":"SearchAction","target":{"@type":"EntryPoint","urlTemplate":"https:\/\/assitej.culturaescenica.es\/gl\/?s={search_term_string}"},"query-input":{"@type":"PropertyValueSpecification","valueRequired":true,"valueName":"search_term_string"}}],"inLanguage":"ca"},{"@type":"Organization","@id":"https:\/\/assitej.culturaescenica.es\/gl\/#organization","name":"ASSITEJ Espanya","url":"https:\/\/assitej.culturaescenica.es\/gl\/","logo":{"@type":"ImageObject","inLanguage":"ca","@id":"https:\/\/assitej.culturaescenica.es\/gl\/#\/schema\/logo\/image\/","url":"https:\/\/assitej.es\/wp-content\/uploads\/Logo_ASSITEJ_Espana.RGB_2-1.png","contentUrl":"https:\/\/assitej.es\/wp-content\/uploads\/Logo_ASSITEJ_Espana.RGB_2-1.png","width":4934,"height":2287,"caption":"ASSITEJ Espa\u00f1a"},"image":{"@id":"https:\/\/assitej.culturaescenica.es\/gl\/#\/schema\/logo\/image\/"},"sameAs":["https:\/\/www.facebook.com\/assitejespana\/","https:\/\/x.com\/AssitejEspana","https:\/\/www.youtube.com\/channel\/UCv-2SDBzEmyORL5tPvsYgMw"]}]}},"_links":{"self":[{"href":"https:\/\/assitej.culturaescenica.es\/ca\/wp-json\/wp\/v2\/product\/11104","targetHints":{"allow":["GET"]}}],"collection":[{"href":"https:\/\/assitej.culturaescenica.es\/ca\/wp-json\/wp\/v2\/product"}],"about":[{"href":"https:\/\/assitej.culturaescenica.es\/ca\/wp-json\/wp\/v2\/types\/product"}],"wp:featuredmedia":[{"embeddable":true,"href":"https:\/\/assitej.culturaescenica.es\/ca\/wp-json\/wp\/v2\/media\/24365"}],"wp:attachment":[{"href":"https:\/\/assitej.culturaescenica.es\/ca\/wp-json\/wp\/v2\/media?parent=11104"}],"wp:term":[{"taxonomy":"product_brand","embeddable":true,"href":"https:\/\/assitej.culturaescenica.es\/ca\/wp-json\/wp\/v2\/product_brand?post=11104"},{"taxonomy":"product_cat","embeddable":true,"href":"https:\/\/assitej.culturaescenica.es\/ca\/wp-json\/wp\/v2\/product_cat?post=11104"},{"taxonomy":"product_tag","embeddable":true,"href":"https:\/\/assitej.culturaescenica.es\/ca\/wp-json\/wp\/v2\/product_tag?post=11104"}],"curies":[{"name":"wp","href":"https:\/\/api.w.org\/{rel}","templated":true}]}}