{"id":10545,"date":"2020-11-16T07:03:58","date_gmt":"2020-11-16T06:03:58","guid":{"rendered":"https:\/\/www.assitej.net\/?post_type=product&#038;p=10545"},"modified":"2025-05-05T16:02:00","modified_gmt":"2025-05-05T14:02:00","slug":"los-cuervos-no-se-peinan","status":"publish","type":"product","link":"https:\/\/assitej.culturaescenica.es\/ca\/editorial-assitej\/maribel-carrasco\/los-cuervos-no-se-peinan\/","title":{"rendered":"Els corbs no es pentinen"},"content":{"rendered":"<h2><em>Els corbs no es pentinen<\/em>, de Maribel Carrasco<\/h2>\n<p>Qu\u00e8 faries tu si un dia, despr\u00e9s de passar la tarda al parc, et persegu\u00eds un ou fins a la porta de casa teva? Aix\u00f2 \u00e9s el que passa a la dona amb barret vermell en aquest meravell\u00f3s text de Maribel Carrasco, una de les veus m\u00e9s excel\u00b7lents de la dramat\u00fargia per a nenes i nens en espanyol.<br \/>\nLa mexicana ens explica a Los cuervos no es pentinen, ia tot un cl\u00e0ssic de la dramat\u00fargia infantil, una hist\u00f2ria de creixement. La dona del barret vermell adoptar\u00e0 l&#039;ou, que ser\u00e0 un corb i es dir\u00e0 Emilio, i junts aprendran a viure, cuidar-se i superar les pors. Quan Emilio vulgui anar a l&#039;escola, com tots els altres nens, descobrir\u00e0 qui \u00e9s i s&#039;haur\u00e0 d&#039;enfrontar a moltes preguntes.<br \/>\nEls corbs no es pentinen \u00e9s una obra que ens ajuda a entendre les nostres difer\u00e8ncies. Perqu\u00e8 ser rar o rara no est\u00e0 gens malament.<\/p>","protected":false},"excerpt":{"rendered":"<p>Qu\u00e8 faries tu si un dia, despr\u00e9s de passar la tarda al parc, et persegu\u00eds un ou fins a la porta de casa teva? Aix\u00f2 \u00e9s el que passa a la dona amb barret vermell en aquest meravell\u00f3s text de Maribel Carrasco, una de les veus m\u00e9s excel\u00b7lents de la dramat\u00fargia per a nenes i nens en espanyol.<br \/>\nLa mexicana ens explica a Los cuervos no es pentinen, ia tot un cl\u00e0ssic de la dramat\u00fargia infantil, una hist\u00f2ria de creixement. La dona del barret vermell adoptar\u00e0 l&#039;ou, que ser\u00e0 un corb i es dir\u00e0 Emilio, i junts aprendran a viure, cuidar-se i superar les pors. Quan Emilio vulgui anar a l&#039;escola, com tots els altres nens, descobrir\u00e0 qui \u00e9s i s&#039;haur\u00e0 d&#039;enfrontar a moltes preguntes.<br \/>\nEls corbs no es pentinen \u00e9s una obra que ens ajuda a entendre les nostres difer\u00e8ncies. Perqu\u00e8 ser rar o rara no est\u00e0 gens malament.<\/p>","protected":false},"featured_media":24359,"template":"","meta":{"_acf_changed":false,"_links_to":"","_links_to_target":""},"product_brand":[],"product_cat":[2467],"product_tag":[122,2470,2469],"class_list":{"0":"post-10545","1":"product","2":"type-product","3":"status-publish","4":"has-post-thumbnail","6":"product_cat-maribel-carrasco","7":"product_tag-coleccion-internacional","8":"product_tag-diferencias","9":"product_tag-maribel-carrasco","10":"infinite-scroll-item","11":"","12":"woocommerce-text-align-left","13":"woocommerce-image-align-center","14":"do-quantity-buttons","16":"first","17":"instock","18":"taxable","19":"shipping-taxable","20":"purchasable","21":"product-type-simple"},"acf":[],"yoast_head":"<!-- This site is optimized with the Yoast SEO plugin v27.1.1 - https:\/\/yoast.com\/product\/yoast-seo-wordpress\/ -->\n<title>Los cuervos no se peinan, de Maribel Carrasco<\/title>\n<meta name=\"description\" content=\"Los cuervos no se peinan es una obra que nos ayuda a entender nuestras diferencias. Porque ser raro o rara no est\u00e1 nada mal.\" \/>\n<meta name=\"robots\" content=\"index, follow, max-snippet:-1, max-image-preview:large, max-video-preview:-1\" \/>\n<link rel=\"canonical\" href=\"https:\/\/assitej.culturaescenica.es\/ca\/editorial-assitej\/maribel-carrasco\/los-cuervos-no-se-peinan\/\" \/>\n<meta property=\"og:locale\" content=\"ca_ES\" \/>\n<meta property=\"og:type\" content=\"article\" \/>\n<meta property=\"og:title\" content=\"Los cuervos no se peinan, de Maribel Carrasco\" \/>\n<meta property=\"og:description\" content=\"Los cuervos no se peinan es una obra que nos ayuda a entender nuestras diferencias. Porque ser raro o rara no est\u00e1 nada mal.\" \/>\n<meta property=\"og:url\" content=\"https:\/\/assitej.culturaescenica.es\/ca\/editorial-assitej\/maribel-carrasco\/los-cuervos-no-se-peinan\/\" \/>\n<meta property=\"og:site_name\" content=\"ASSITEJ Espa\u00f1a\" \/>\n<meta property=\"article:publisher\" content=\"https:\/\/www.facebook.com\/assitejespana\/\" \/>\n<meta property=\"article:modified_time\" content=\"2025-05-05T14:02:00+00:00\" \/>\n<meta property=\"og:image\" content=\"https:\/\/assitej.culturaescenica.es\/wp-content\/uploads\/Portada-Los-cuervos-no-se-peinan-scaled-1-jpg.webp\" \/>\n\t<meta property=\"og:image:width\" content=\"1748\" \/>\n\t<meta property=\"og:image:height\" content=\"2560\" \/>\n\t<meta property=\"og:image:type\" content=\"image\/jpeg\" \/>\n<meta name=\"twitter:card\" content=\"summary_large_image\" \/>\n<meta name=\"twitter:site\" content=\"@AssitejEspana\" \/>\n<meta name=\"twitter:label1\" content=\"Temps estimat de lectura\" \/>\n\t<meta name=\"twitter:data1\" content=\"1 minut\" \/>\n<script type=\"application\/ld+json\" class=\"yoast-schema-graph\">{\"@context\":\"https:\/\/schema.org\",\"@graph\":[{\"@type\":\"WebPage\",\"@id\":\"https:\/\/assitej.culturaescenica.es\/ca\/editorial-assitej\/maribel-carrasco\/los-cuervos-no-se-peinan\/\",\"url\":\"https:\/\/assitej.culturaescenica.es\/ca\/editorial-assitej\/maribel-carrasco\/los-cuervos-no-se-peinan\/\",\"name\":\"Los cuervos no se peinan, de Maribel Carrasco\",\"isPartOf\":{\"@id\":\"https:\/\/assitej.culturaescenica.es\/gl\/#website\"},\"primaryImageOfPage\":{\"@id\":\"https:\/\/assitej.culturaescenica.es\/ca\/editorial-assitej\/maribel-carrasco\/los-cuervos-no-se-peinan\/#primaryimage\"},\"image\":{\"@id\":\"https:\/\/assitej.culturaescenica.es\/ca\/editorial-assitej\/maribel-carrasco\/los-cuervos-no-se-peinan\/#primaryimage\"},\"thumbnailUrl\":\"https:\/\/assitej.culturaescenica.es\/wp-content\/uploads\/Portada-Los-cuervos-no-se-peinan-scaled-1-jpg.webp\",\"datePublished\":\"2020-11-16T06:03:58+00:00\",\"dateModified\":\"2025-05-05T14:02:00+00:00\",\"description\":\"Los cuervos no se peinan es una obra que nos ayuda a entender nuestras diferencias. Porque ser raro o rara no est\u00e1 nada mal.\",\"breadcrumb\":{\"@id\":\"https:\/\/assitej.culturaescenica.es\/ca\/editorial-assitej\/maribel-carrasco\/los-cuervos-no-se-peinan\/#breadcrumb\"},\"inLanguage\":\"ca\",\"potentialAction\":[{\"@type\":\"ReadAction\",\"target\":[\"https:\/\/assitej.culturaescenica.es\/ca\/editorial-assitej\/maribel-carrasco\/los-cuervos-no-se-peinan\/\"]}]},{\"@type\":\"ImageObject\",\"inLanguage\":\"ca\",\"@id\":\"https:\/\/assitej.culturaescenica.es\/ca\/editorial-assitej\/maribel-carrasco\/los-cuervos-no-se-peinan\/#primaryimage\",\"url\":\"https:\/\/assitej.culturaescenica.es\/wp-content\/uploads\/Portada-Los-cuervos-no-se-peinan-scaled-1-jpg.webp\",\"contentUrl\":\"https:\/\/assitej.culturaescenica.es\/wp-content\/uploads\/Portada-Los-cuervos-no-se-peinan-scaled-1-jpg.webp\",\"width\":1748,\"height\":2560},{\"@type\":\"BreadcrumbList\",\"@id\":\"https:\/\/assitej.culturaescenica.es\/ca\/editorial-assitej\/maribel-carrasco\/los-cuervos-no-se-peinan\/#breadcrumb\",\"itemListElement\":[{\"@type\":\"ListItem\",\"position\":1,\"name\":\"Portada\",\"item\":\"https:\/\/assitej.culturaescenica.es\/gl\/\"},{\"@type\":\"ListItem\",\"position\":2,\"name\":\"Editorial Assitej\",\"item\":\"https:\/\/assitej.culturaescenica.es\/es_es\/editorial-assitej\/\"},{\"@type\":\"ListItem\",\"position\":3,\"name\":\"Los cuervos no se peinan\"}]},{\"@type\":\"WebSite\",\"@id\":\"https:\/\/assitej.culturaescenica.es\/gl\/#website\",\"url\":\"https:\/\/assitej.culturaescenica.es\/gl\/\",\"name\":\"ASSITEJ Espa\u00f1a\",\"description\":\"ARTES ESC\u00c9NICAS PARA LA INFANCIA Y LA JUVENTUD\",\"publisher\":{\"@id\":\"https:\/\/assitej.culturaescenica.es\/gl\/#organization\"},\"potentialAction\":[{\"@type\":\"SearchAction\",\"target\":{\"@type\":\"EntryPoint\",\"urlTemplate\":\"https:\/\/assitej.culturaescenica.es\/gl\/?s={search_term_string}\"},\"query-input\":{\"@type\":\"PropertyValueSpecification\",\"valueRequired\":true,\"valueName\":\"search_term_string\"}}],\"inLanguage\":\"ca\"},{\"@type\":\"Organization\",\"@id\":\"https:\/\/assitej.culturaescenica.es\/gl\/#organization\",\"name\":\"ASSITEJ Espa\u00f1a\",\"url\":\"https:\/\/assitej.culturaescenica.es\/gl\/\",\"logo\":{\"@type\":\"ImageObject\",\"inLanguage\":\"ca\",\"@id\":\"https:\/\/assitej.culturaescenica.es\/gl\/#\/schema\/logo\/image\/\",\"url\":\"https:\/\/assitej.es\/wp-content\/uploads\/Logo_ASSITEJ_Espana.RGB_2-1.png\",\"contentUrl\":\"https:\/\/assitej.es\/wp-content\/uploads\/Logo_ASSITEJ_Espana.RGB_2-1.png\",\"width\":4934,\"height\":2287,\"caption\":\"ASSITEJ Espa\u00f1a\"},\"image\":{\"@id\":\"https:\/\/assitej.culturaescenica.es\/gl\/#\/schema\/logo\/image\/\"},\"sameAs\":[\"https:\/\/www.facebook.com\/assitejespana\/\",\"https:\/\/x.com\/AssitejEspana\",\"https:\/\/www.youtube.com\/channel\/UCv-2SDBzEmyORL5tPvsYgMw\"]}]}<\/script>\n<!-- \/ Yoast SEO plugin. -->","yoast_head_json":{"title":"Els corbs no es pentinen, de Maribel Carrasco","description":"Els corbs no es pentinen \u00e9s una obra que ens ajuda a entendre les nostres difer\u00e8ncies. Perqu\u00e8 ser rar o rara no est\u00e0 gens malament.","robots":{"index":"index","follow":"follow","max-snippet":"max-snippet:-1","max-image-preview":"max-image-preview:large","max-video-preview":"max-video-preview:-1"},"canonical":"https:\/\/assitej.culturaescenica.es\/ca\/editorial-assitej\/maribel-carrasco\/los-cuervos-no-se-peinan\/","og_locale":"ca_ES","og_type":"article","og_title":"Los cuervos no se peinan, de Maribel Carrasco","og_description":"Los cuervos no se peinan es una obra que nos ayuda a entender nuestras diferencias. Porque ser raro o rara no est\u00e1 nada mal.","og_url":"https:\/\/assitej.culturaescenica.es\/ca\/editorial-assitej\/maribel-carrasco\/los-cuervos-no-se-peinan\/","og_site_name":"ASSITEJ Espa\u00f1a","article_publisher":"https:\/\/www.facebook.com\/assitejespana\/","article_modified_time":"2025-05-05T14:02:00+00:00","og_image":[{"width":1748,"height":2560,"url":"https:\/\/assitej.culturaescenica.es\/wp-content\/uploads\/Portada-Los-cuervos-no-se-peinan-scaled-1-jpg.webp","type":"image\/jpeg"}],"twitter_card":"summary_large_image","twitter_site":"@AssitejEspana","twitter_misc":{"Temps estimat de lectura":"1 minut"},"schema":{"@context":"https:\/\/schema.org","@graph":[{"@type":"WebPage","@id":"https:\/\/assitej.culturaescenica.es\/ca\/editorial-assitej\/maribel-carrasco\/los-cuervos-no-se-peinan\/","url":"https:\/\/assitej.culturaescenica.es\/ca\/editorial-assitej\/maribel-carrasco\/los-cuervos-no-se-peinan\/","name":"Els corbs no es pentinen, de Maribel Carrasco","isPartOf":{"@id":"https:\/\/assitej.culturaescenica.es\/gl\/#website"},"primaryImageOfPage":{"@id":"https:\/\/assitej.culturaescenica.es\/ca\/editorial-assitej\/maribel-carrasco\/los-cuervos-no-se-peinan\/#primaryimage"},"image":{"@id":"https:\/\/assitej.culturaescenica.es\/ca\/editorial-assitej\/maribel-carrasco\/los-cuervos-no-se-peinan\/#primaryimage"},"thumbnailUrl":"https:\/\/assitej.culturaescenica.es\/wp-content\/uploads\/Portada-Los-cuervos-no-se-peinan-scaled-1-jpg.webp","datePublished":"2020-11-16T06:03:58+00:00","dateModified":"2025-05-05T14:02:00+00:00","description":"Els corbs no es pentinen \u00e9s una obra que ens ajuda a entendre les nostres difer\u00e8ncies. Perqu\u00e8 ser rar o rara no est\u00e0 gens malament.","breadcrumb":{"@id":"https:\/\/assitej.culturaescenica.es\/ca\/editorial-assitej\/maribel-carrasco\/los-cuervos-no-se-peinan\/#breadcrumb"},"inLanguage":"ca","potentialAction":[{"@type":"ReadAction","target":["https:\/\/assitej.culturaescenica.es\/ca\/editorial-assitej\/maribel-carrasco\/los-cuervos-no-se-peinan\/"]}]},{"@type":"ImageObject","inLanguage":"ca","@id":"https:\/\/assitej.culturaescenica.es\/ca\/editorial-assitej\/maribel-carrasco\/los-cuervos-no-se-peinan\/#primaryimage","url":"https:\/\/assitej.culturaescenica.es\/wp-content\/uploads\/Portada-Los-cuervos-no-se-peinan-scaled-1-jpg.webp","contentUrl":"https:\/\/assitej.culturaescenica.es\/wp-content\/uploads\/Portada-Los-cuervos-no-se-peinan-scaled-1-jpg.webp","width":1748,"height":2560},{"@type":"BreadcrumbList","@id":"https:\/\/assitej.culturaescenica.es\/ca\/editorial-assitej\/maribel-carrasco\/los-cuervos-no-se-peinan\/#breadcrumb","itemListElement":[{"@type":"ListItem","position":1,"name":"Portada","item":"https:\/\/assitej.culturaescenica.es\/gl\/"},{"@type":"ListItem","position":2,"name":"Editorial Assitej","item":"https:\/\/assitej.culturaescenica.es\/es_es\/editorial-assitej\/"},{"@type":"ListItem","position":3,"name":"Los cuervos no se peinan"}]},{"@type":"WebSite","@id":"https:\/\/assitej.culturaescenica.es\/gl\/#website","url":"https:\/\/assitej.culturaescenica.es\/gl\/","name":"ASSITEJ Espanya","description":"ARTS ESC\u00c8NIQUES PER A LA INF\u00c0NCIA I LA JOVENTUT","publisher":{"@id":"https:\/\/assitej.culturaescenica.es\/gl\/#organization"},"potentialAction":[{"@type":"SearchAction","target":{"@type":"EntryPoint","urlTemplate":"https:\/\/assitej.culturaescenica.es\/gl\/?s={search_term_string}"},"query-input":{"@type":"PropertyValueSpecification","valueRequired":true,"valueName":"search_term_string"}}],"inLanguage":"ca"},{"@type":"Organization","@id":"https:\/\/assitej.culturaescenica.es\/gl\/#organization","name":"ASSITEJ Espanya","url":"https:\/\/assitej.culturaescenica.es\/gl\/","logo":{"@type":"ImageObject","inLanguage":"ca","@id":"https:\/\/assitej.culturaescenica.es\/gl\/#\/schema\/logo\/image\/","url":"https:\/\/assitej.es\/wp-content\/uploads\/Logo_ASSITEJ_Espana.RGB_2-1.png","contentUrl":"https:\/\/assitej.es\/wp-content\/uploads\/Logo_ASSITEJ_Espana.RGB_2-1.png","width":4934,"height":2287,"caption":"ASSITEJ Espa\u00f1a"},"image":{"@id":"https:\/\/assitej.culturaescenica.es\/gl\/#\/schema\/logo\/image\/"},"sameAs":["https:\/\/www.facebook.com\/assitejespana\/","https:\/\/x.com\/AssitejEspana","https:\/\/www.youtube.com\/channel\/UCv-2SDBzEmyORL5tPvsYgMw"]}]}},"_links":{"self":[{"href":"https:\/\/assitej.culturaescenica.es\/ca\/wp-json\/wp\/v2\/product\/10545","targetHints":{"allow":["GET"]}}],"collection":[{"href":"https:\/\/assitej.culturaescenica.es\/ca\/wp-json\/wp\/v2\/product"}],"about":[{"href":"https:\/\/assitej.culturaescenica.es\/ca\/wp-json\/wp\/v2\/types\/product"}],"wp:featuredmedia":[{"embeddable":true,"href":"https:\/\/assitej.culturaescenica.es\/ca\/wp-json\/wp\/v2\/media\/24359"}],"wp:attachment":[{"href":"https:\/\/assitej.culturaescenica.es\/ca\/wp-json\/wp\/v2\/media?parent=10545"}],"wp:term":[{"taxonomy":"product_brand","embeddable":true,"href":"https:\/\/assitej.culturaescenica.es\/ca\/wp-json\/wp\/v2\/product_brand?post=10545"},{"taxonomy":"product_cat","embeddable":true,"href":"https:\/\/assitej.culturaescenica.es\/ca\/wp-json\/wp\/v2\/product_cat?post=10545"},{"taxonomy":"product_tag","embeddable":true,"href":"https:\/\/assitej.culturaescenica.es\/ca\/wp-json\/wp\/v2\/product_tag?post=10545"}],"curies":[{"name":"wp","href":"https:\/\/api.w.org\/{rel}","templated":true}]}}