{"id":243,"date":"2022-12-16T19:54:05","date_gmt":"2022-12-16T18:54:05","guid":{"rendered":"https:\/\/assitej.es\/beta\/?page_id=243"},"modified":"2024-11-20T13:29:22","modified_gmt":"2024-11-20T12:29:22","slug":"que-es-assitej","status":"publish","type":"page","link":"https:\/\/assitej.culturaescenica.es\/ca\/assitej\/que-es-assitej\/","title":{"rendered":"Qu\u00e8 \u00e9s ASSITEJ?"},"content":{"rendered":"<div class=\"gb-container gb-container-5779e3f0\">\n<div class=\"gb-container gb-container-1c702d89\"><\/div>\n<\/div>\n\n<div class=\"gb-grid-wrapper gb-grid-wrapper-94e29254\">\n<div class=\"gb-grid-column gb-grid-column-32f69b4a\"><div class=\"gb-container gb-container-32f69b4a\">\n\n<p><\/p>\n\n\n\n<p>ASSITEJ Espanya \u00e9s una entitat cultural sense \u00e0nim de lucre, amb un marcat car\u00e0cter transversal que pret\u00e9n articular els diferents agents dins del territori, tractant de fomentar la seva interrelaci\u00f3 i una visi\u00f3 de la inf\u00e0ncia i la joventut i de les arts esc\u00e8niques que s&#039;hi dirigeixen.&nbsp;<\/p>\n\n\n\n<p>\u00c9s membre fundador i de ple dret de l&#039;organitzaci\u00f3 internacional&nbsp;<strong>ASSITEJ<\/strong>&nbsp;(Association Internacionale du Th\u00e9\u00e2tre pour l&#039;Enfance et la Jeuneusse), fundada a Par\u00eds el 1965 per l&#039;Institut Internacional de Teatre de la&nbsp;<strong>UNESCO<\/strong>&nbsp;com una alian\u00e7a global de teatre professional per a la inf\u00e0ncia i la joventut. Avui \u00e9s una xarxa mundial que uneix a milers de teatres, organitzacions i individus a trav\u00e9s dels Centres Nacionals en m\u00e9s de&nbsp;<strong>80<\/strong>&nbsp;pa\u00efsos.<\/p>\n\n<\/div><\/div>\n\n<div class=\"gb-grid-column gb-grid-column-8bee0f8f\"><div class=\"gb-container gb-container-8bee0f8f\">\n<div class=\"gb-container gb-container-66d9e8e5\">\n\n<p><\/p>\n\n\n\n<p><\/p>\n\n\n\n<p><\/p>\n\n\n\n<p><\/p>\n\n\n\n<p><\/p>\n\n\n\n<p><\/p>\n\n\n\n<p><\/p>\n\n\n\n<p><\/p>\n\n<\/div>\n<\/div><\/div>\n<\/div>\n\n\n<hr class=\"wp-block-separator has-text-color has-base-2-color has-alpha-channel-opacity has-base-2-background-color has-background is-style-dots\"\/>\n\n\n<div class=\"gb-grid-wrapper gb-grid-wrapper-78cc7a5c\">\n<div class=\"gb-grid-column gb-grid-column-4b06a37e\"><div class=\"gb-container gb-container-4b06a37e\">\n\n<ul class=\"wp-block-list\">\n<li>Agrupar aquelles persones naturals que per les seves aficions o per formar part d&#039;organismes, companyies o grups es dediquin a tot o part de la seva activitat a l&#039;teatre per a la inf\u00e0ncia i la joventut.<\/li>\n\n\n\n<li>Facilitar i promoure el desenvolupament d&#039;un teatre per a la inf\u00e0ncia i la joventut d&#039;alt valor art\u00edstic.<\/li>\n\n\n\n<li>Estimular escriptors i escriptores per a la creaci\u00f3 d&#039;obres de teatre per a la inf\u00e0ncia i la joventut.<\/li>\n\n\n\n<li>Facilitar l&#039;intercanvi d&#039;obres fins a aconseguir un bon repertori.<\/li>\n\n\n\n<li>Afavorir la publicaci\u00f3 i divulgaci\u00f3 de llibres, revistes, textos de teatre i altres materials art\u00edstics dedicats a la inf\u00e0ncia i la joventut, que estiguin relacionats amb el teatre.<\/li>\n\n\n\n<li>Propagar el teatre per a la inf\u00e0ncia i la joventut per mitj\u00e0 de la premsa, el cinema, la r\u00e0dio, la televisi\u00f3 i altres canals de difusi\u00f3 presents i futurs.<\/li>\n\n\n\n<li>Organitzar arxius en qualsevol format per a una millor documentaci\u00f3 i estudi de teatre per a la inf\u00e0ncia i la joventut.<\/li>\n\n\n\n<li>Promoure contactes i experi\u00e8ncies entre les persones, grups i associacions que s&#039;interessen pel teatre per a la inf\u00e0ncia i la joventut.<\/li>\n\n\n\n<li>Qualsevol altra activitat que pugui facilitar i col\u00b7laborar amb els fins anteriors.<\/li>\n\n\n\n<li>Intervenir, sempre que sigui possible, com a interlocutora davant les institucions oficials i privades per a la defensa i promoci\u00f3 de teatre per a la inf\u00e0ncia i la joventut.<\/li>\n\n\n\n<li>Queden exclosos dels fins de l&#039;Associaci\u00f3 la producci\u00f3 i distribuci\u00f3 d&#039;espectacles.<\/li>\n<\/ul>\n\n<\/div><\/div>\n\n<div class=\"gb-grid-column gb-grid-column-60929e3f\"><div class=\"gb-container gb-container-60929e3f\">\n\n<div style=\"height:70px\" aria-hidden=\"true\" class=\"wp-block-spacer\"><\/div>\n\n\n\n<p>L&#039;Associaci\u00f3 exerceix la seva acci\u00f3 actuant en tot el territori nacional i participant en diverses activitats de les xarxes internacionals de ASSITEJ.&nbsp;<\/p>\n\n\n\n<p>ASSITEJ i els seus centres nacionals s\u00f3n els \u00fanics reconeguts per l&#039;ITI (International Theatre Institute) i la UNESCO per a tot tipus d&#039;intercanvis a nivell internacional.<\/p>\n\n\n\n<p>ASSITEJ Espanya forma part de la Xarxa Iberoamericana de ASSITEJ.<\/p>\n\n\n\n<p>A m\u00e9s, ASSITEJ Espanya assessora, col\u00b7labora i d\u00f3na suport a diferents organitzacions iberoamericanes perqu\u00e8 fonen en els seus respectius pa\u00efsos els corresponents centres nacionals d&#039;ASSITEJ.<\/p>\n\n\n\n<p><\/p>\n\n\n\n<p>ASSITEJ ESPANYA ocupa una de les vocalies de l&#039;&nbsp;<strong>Comit\u00e8 Executiu<\/strong>&nbsp;de l&#039;&nbsp;<strong><em>Consell Estatal de les Arts Esc\u00e8niques i de la M\u00fasica<\/em><\/strong>, Organisme assessor de l&#039;INAEM, Institut de les Arts Esc\u00e8niques i de la M\u00fasica, de l&#039;Ministeri d&#039;Educaci\u00f3, Cultura i Esport.<\/p>\n\n\n\n<div class=\"wp-block-buttons is-layout-flex wp-block-buttons-is-layout-flex\">\n<div class=\"wp-block-button\"><a class=\"wp-block-button__link wp-element-button\">Descarregar estatuts<\/a><\/div>\n<\/div>\n\n<\/div><\/div>\n<\/div>","protected":false},"excerpt":{"rendered":"","protected":false},"author":999,"featured_media":0,"parent":433,"menu_order":0,"comment_status":"closed","ping_status":"closed","template":"","meta":{"_acf_changed":false,"footnotes":"","_links_to":"","_links_to_target":""},"class_list":{"0":"post-243","1":"page","2":"type-page","3":"status-publish","5":"infinite-scroll-item"},"acf":[],"yoast_head":"<!-- This site is optimized with the Yoast SEO plugin v27.1.1 - https:\/\/yoast.com\/product\/yoast-seo-wordpress\/ -->\n<title>\u00bfQu\u00e9 es ASSITEJ? - ASSITEJ Espa\u00f1a<\/title>\n<meta name=\"robots\" content=\"index, follow, max-snippet:-1, max-image-preview:large, max-video-preview:-1\" \/>\n<link rel=\"canonical\" href=\"https:\/\/assitej.culturaescenica.es\/ca\/assitej\/que-es-assitej\/\" \/>\n<meta property=\"og:locale\" content=\"ca_ES\" \/>\n<meta property=\"og:type\" content=\"article\" \/>\n<meta property=\"og:title\" content=\"\u00bfQu\u00e9 es ASSITEJ? - ASSITEJ Espa\u00f1a\" \/>\n<meta property=\"og:url\" content=\"https:\/\/assitej.culturaescenica.es\/ca\/assitej\/que-es-assitej\/\" \/>\n<meta property=\"og:site_name\" content=\"ASSITEJ Espa\u00f1a\" \/>\n<meta property=\"article:publisher\" content=\"https:\/\/www.facebook.com\/assitejespana\/\" \/>\n<meta property=\"article:modified_time\" content=\"2024-11-20T12:29:22+00:00\" \/>\n<meta name=\"twitter:card\" content=\"summary_large_image\" \/>\n<meta name=\"twitter:site\" content=\"@AssitejEspana\" \/>\n<meta name=\"twitter:label1\" content=\"Temps estimat de lectura\" \/>\n\t<meta name=\"twitter:data1\" content=\"3 minuts\" \/>\n<script type=\"application\/ld+json\" class=\"yoast-schema-graph\">{\"@context\":\"https:\/\/schema.org\",\"@graph\":[{\"@type\":\"WebPage\",\"@id\":\"https:\/\/assitej.culturaescenica.es\/assitej\/que-es-assitej\/\",\"url\":\"https:\/\/assitej.culturaescenica.es\/assitej\/que-es-assitej\/\",\"name\":\"\u00bfQu\u00e9 es ASSITEJ? - ASSITEJ Espa\u00f1a\",\"isPartOf\":{\"@id\":\"https:\/\/assitej.culturaescenica.es\/gl\/#website\"},\"datePublished\":\"2022-12-16T18:54:05+00:00\",\"dateModified\":\"2024-11-20T12:29:22+00:00\",\"breadcrumb\":{\"@id\":\"https:\/\/assitej.culturaescenica.es\/assitej\/que-es-assitej\/#breadcrumb\"},\"inLanguage\":\"ca\",\"potentialAction\":[{\"@type\":\"ReadAction\",\"target\":[\"https:\/\/assitej.culturaescenica.es\/assitej\/que-es-assitej\/\"]}]},{\"@type\":\"BreadcrumbList\",\"@id\":\"https:\/\/assitej.culturaescenica.es\/assitej\/que-es-assitej\/#breadcrumb\",\"itemListElement\":[{\"@type\":\"ListItem\",\"position\":1,\"name\":\"Portada\",\"item\":\"https:\/\/assitej.culturaescenica.es\/gl\/\"},{\"@type\":\"ListItem\",\"position\":2,\"name\":\"Assitej\",\"item\":\"https:\/\/assitej.culturaescenica.es\/es_es\/assitej\/\"},{\"@type\":\"ListItem\",\"position\":3,\"name\":\"\u00bfQu\u00e9 es ASSITEJ?\"}]},{\"@type\":\"WebSite\",\"@id\":\"https:\/\/assitej.culturaescenica.es\/gl\/#website\",\"url\":\"https:\/\/assitej.culturaescenica.es\/gl\/\",\"name\":\"ASSITEJ Espa\u00f1a\",\"description\":\"ARTES ESC\u00c9NICAS PARA LA INFANCIA Y LA JUVENTUD\",\"publisher\":{\"@id\":\"https:\/\/assitej.culturaescenica.es\/gl\/#organization\"},\"potentialAction\":[{\"@type\":\"SearchAction\",\"target\":{\"@type\":\"EntryPoint\",\"urlTemplate\":\"https:\/\/assitej.culturaescenica.es\/gl\/?s={search_term_string}\"},\"query-input\":{\"@type\":\"PropertyValueSpecification\",\"valueRequired\":true,\"valueName\":\"search_term_string\"}}],\"inLanguage\":\"ca\"},{\"@type\":\"Organization\",\"@id\":\"https:\/\/assitej.culturaescenica.es\/gl\/#organization\",\"name\":\"ASSITEJ Espa\u00f1a\",\"url\":\"https:\/\/assitej.culturaescenica.es\/gl\/\",\"logo\":{\"@type\":\"ImageObject\",\"inLanguage\":\"ca\",\"@id\":\"https:\/\/assitej.culturaescenica.es\/gl\/#\/schema\/logo\/image\/\",\"url\":\"https:\/\/assitej.es\/wp-content\/uploads\/Logo_ASSITEJ_Espana.RGB_2-1.png\",\"contentUrl\":\"https:\/\/assitej.es\/wp-content\/uploads\/Logo_ASSITEJ_Espana.RGB_2-1.png\",\"width\":4934,\"height\":2287,\"caption\":\"ASSITEJ Espa\u00f1a\"},\"image\":{\"@id\":\"https:\/\/assitej.culturaescenica.es\/gl\/#\/schema\/logo\/image\/\"},\"sameAs\":[\"https:\/\/www.facebook.com\/assitejespana\/\",\"https:\/\/x.com\/AssitejEspana\",\"https:\/\/www.youtube.com\/channel\/UCv-2SDBzEmyORL5tPvsYgMw\"]}]}<\/script>\n<!-- \/ Yoast SEO plugin. -->","yoast_head_json":{"title":"Qu\u00e8 \u00e9s ASSITEJ? - ASSITEJ Espanya","robots":{"index":"index","follow":"follow","max-snippet":"max-snippet:-1","max-image-preview":"max-image-preview:large","max-video-preview":"max-video-preview:-1"},"canonical":"https:\/\/assitej.culturaescenica.es\/ca\/assitej\/que-es-assitej\/","og_locale":"ca_ES","og_type":"article","og_title":"\u00bfQu\u00e9 es ASSITEJ? - ASSITEJ Espa\u00f1a","og_url":"https:\/\/assitej.culturaescenica.es\/ca\/assitej\/que-es-assitej\/","og_site_name":"ASSITEJ Espa\u00f1a","article_publisher":"https:\/\/www.facebook.com\/assitejespana\/","article_modified_time":"2024-11-20T12:29:22+00:00","twitter_card":"summary_large_image","twitter_site":"@AssitejEspana","twitter_misc":{"Temps estimat de lectura":"3 minuts"},"schema":{"@context":"https:\/\/schema.org","@graph":[{"@type":"WebPage","@id":"https:\/\/assitej.culturaescenica.es\/assitej\/que-es-assitej\/","url":"https:\/\/assitej.culturaescenica.es\/assitej\/que-es-assitej\/","name":"Qu\u00e8 \u00e9s ASSITEJ? - ASSITEJ Espanya","isPartOf":{"@id":"https:\/\/assitej.culturaescenica.es\/gl\/#website"},"datePublished":"2022-12-16T18:54:05+00:00","dateModified":"2024-11-20T12:29:22+00:00","breadcrumb":{"@id":"https:\/\/assitej.culturaescenica.es\/assitej\/que-es-assitej\/#breadcrumb"},"inLanguage":"ca","potentialAction":[{"@type":"ReadAction","target":["https:\/\/assitej.culturaescenica.es\/assitej\/que-es-assitej\/"]}]},{"@type":"BreadcrumbList","@id":"https:\/\/assitej.culturaescenica.es\/assitej\/que-es-assitej\/#breadcrumb","itemListElement":[{"@type":"ListItem","position":1,"name":"Portada","item":"https:\/\/assitej.culturaescenica.es\/gl\/"},{"@type":"ListItem","position":2,"name":"Assitej","item":"https:\/\/assitej.culturaescenica.es\/es_es\/assitej\/"},{"@type":"ListItem","position":3,"name":"\u00bfQu\u00e9 es ASSITEJ?"}]},{"@type":"WebSite","@id":"https:\/\/assitej.culturaescenica.es\/gl\/#website","url":"https:\/\/assitej.culturaescenica.es\/gl\/","name":"ASSITEJ Espanya","description":"ARTS ESC\u00c8NIQUES PER A LA INF\u00c0NCIA I LA JOVENTUT","publisher":{"@id":"https:\/\/assitej.culturaescenica.es\/gl\/#organization"},"potentialAction":[{"@type":"SearchAction","target":{"@type":"EntryPoint","urlTemplate":"https:\/\/assitej.culturaescenica.es\/gl\/?s={search_term_string}"},"query-input":{"@type":"PropertyValueSpecification","valueRequired":true,"valueName":"search_term_string"}}],"inLanguage":"ca"},{"@type":"Organization","@id":"https:\/\/assitej.culturaescenica.es\/gl\/#organization","name":"ASSITEJ Espanya","url":"https:\/\/assitej.culturaescenica.es\/gl\/","logo":{"@type":"ImageObject","inLanguage":"ca","@id":"https:\/\/assitej.culturaescenica.es\/gl\/#\/schema\/logo\/image\/","url":"https:\/\/assitej.es\/wp-content\/uploads\/Logo_ASSITEJ_Espana.RGB_2-1.png","contentUrl":"https:\/\/assitej.es\/wp-content\/uploads\/Logo_ASSITEJ_Espana.RGB_2-1.png","width":4934,"height":2287,"caption":"ASSITEJ Espa\u00f1a"},"image":{"@id":"https:\/\/assitej.culturaescenica.es\/gl\/#\/schema\/logo\/image\/"},"sameAs":["https:\/\/www.facebook.com\/assitejespana\/","https:\/\/x.com\/AssitejEspana","https:\/\/www.youtube.com\/channel\/UCv-2SDBzEmyORL5tPvsYgMw"]}]}},"_links":{"self":[{"href":"https:\/\/assitej.culturaescenica.es\/ca\/wp-json\/wp\/v2\/pages\/243","targetHints":{"allow":["GET"]}}],"collection":[{"href":"https:\/\/assitej.culturaescenica.es\/ca\/wp-json\/wp\/v2\/pages"}],"about":[{"href":"https:\/\/assitej.culturaescenica.es\/ca\/wp-json\/wp\/v2\/types\/page"}],"author":[{"embeddable":true,"href":"https:\/\/assitej.culturaescenica.es\/ca\/wp-json\/wp\/v2\/users\/999"}],"replies":[{"embeddable":true,"href":"https:\/\/assitej.culturaescenica.es\/ca\/wp-json\/wp\/v2\/comments?post=243"}],"version-history":[{"count":0,"href":"https:\/\/assitej.culturaescenica.es\/ca\/wp-json\/wp\/v2\/pages\/243\/revisions"}],"up":[{"embeddable":true,"href":"https:\/\/assitej.culturaescenica.es\/ca\/wp-json\/wp\/v2\/pages\/433"}],"wp:attachment":[{"href":"https:\/\/assitej.culturaescenica.es\/ca\/wp-json\/wp\/v2\/media?parent=243"}],"curies":[{"name":"wp","href":"https:\/\/api.w.org\/{rel}","templated":true}]}}